
{"id":14,"date":"2023-08-08T21:02:40","date_gmt":"2023-08-08T19:02:40","guid":{"rendered":"http:\/\/vm49576.cs.easyname.systems\/?post_type=product&#038;p=14"},"modified":"2024-11-30T12:12:41","modified_gmt":"2024-11-30T11:12:41","slug":"gitaline-und-der-regenbogen","status":"publish","type":"product","link":"https:\/\/shop.angela-mair.at\/de\/product\/gitaline-und-der-regenbogen\/","title":{"rendered":"Gitaline und der Regenbogen (Buch mit Musik)"},"content":{"rendered":"<p><strong>Gitaline und der Regenbogen<\/strong><\/p>\n<p>Zum Konzertprogramm gibt es nun auch ein B\u00fcchlein!<br \/>\nWarum m\u00f6chte Gitaline gerne ein Regenbogen sein? Was k\u00f6nnte sie alles erleben, wenn sie ein Regenbogen w\u00e4re?<br \/>\nMusik, Lieder, Sprechreime und virtuose Gitarrenmusik begleiten die Geschichte.<\/p>\n<p>Zum Selberlesen in gro\u00dfer, gut lesbarer Schrift &#8211; mittels QR-Codes gelangt man zu den Musikst\u00fccken.<\/p>\n<p>Auch als H\u00f6rbuch abspielbar.<\/p>","protected":false},"excerpt":{"rendered":"[playlist ids=\"618,619,620,621,622\"]\n","protected":false},"featured_media":15,"template":"","meta":[],"product_brand":[],"product_cat":[16],"product_tag":[],"class_list":{"0":"post-14","1":"product","2":"type-product","3":"status-publish","4":"has-post-thumbnail","6":"product_cat-gitaline-projekt-fur-kinder","8":"first","9":"instock","10":"shipping-taxable","11":"purchasable","12":"product-type-simple"},"_links":{"self":[{"href":"https:\/\/shop.angela-mair.at\/de\/wp-json\/wp\/v2\/product\/14","targetHints":{"allow":["GET"]}}],"collection":[{"href":"https:\/\/shop.angela-mair.at\/de\/wp-json\/wp\/v2\/product"}],"about":[{"href":"https:\/\/shop.angela-mair.at\/de\/wp-json\/wp\/v2\/types\/product"}],"wp:featuredmedia":[{"embeddable":true,"href":"https:\/\/shop.angela-mair.at\/de\/wp-json\/wp\/v2\/media\/15"}],"wp:attachment":[{"href":"https:\/\/shop.angela-mair.at\/de\/wp-json\/wp\/v2\/media?parent=14"}],"wp:term":[{"taxonomy":"product_brand","embeddable":true,"href":"https:\/\/shop.angela-mair.at\/de\/wp-json\/wp\/v2\/product_brand?post=14"},{"taxonomy":"product_cat","embeddable":true,"href":"https:\/\/shop.angela-mair.at\/de\/wp-json\/wp\/v2\/product_cat?post=14"},{"taxonomy":"product_tag","embeddable":true,"href":"https:\/\/shop.angela-mair.at\/de\/wp-json\/wp\/v2\/product_tag?post=14"}],"curies":[{"name":"wp","href":"https:\/\/api.w.org\/{rel}","templated":true}]}}