
{"id":178,"date":"2023-08-20T19:46:30","date_gmt":"2023-08-20T17:46:30","guid":{"rendered":"https:\/\/shop.angela-mair.at\/?post_type=product&#038;p=178"},"modified":"2023-12-11T17:53:52","modified_gmt":"2023-12-11T16:53:52","slug":"9-ubungsstucke-fur-den-beginn","status":"publish","type":"product","link":"https:\/\/shop.angela-mair.at\/de\/product\/9-ubungsstucke-fur-den-beginn\/","title":{"rendered":"9 \u00dcbungsst\u00fccke f\u00fcr den Beginn (PDF)"},"content":{"rendered":"<p>9 \u00dcbungsst\u00fccke mit lustigen, kindgerechten Texten f\u00fcr den Schulbeginn. Kennenlernen der 1., 2. und 3. Saite. Auszuf\u00fchren mit Wechselschlag oder Daumenanschlag.<\/p>","protected":false},"excerpt":{"rendered":"<p>9 \u00dcbungsst\u00fccke mit lustigen, kindgerechten Texten f\u00fcr den Schulbeginn. Kennenlernen der 1., 2. und 3. Saite. Auszuf\u00fchren mit Wechselschlag oder Daumenanschlag.<\/p>","protected":false},"featured_media":188,"template":"","meta":[],"product_brand":[],"product_cat":[69],"product_tag":[],"class_list":{"0":"post-178","1":"product","2":"type-product","3":"status-publish","4":"has-post-thumbnail","6":"product_cat-pedagogic-learning","8":"first","9":"instock","10":"downloadable","11":"virtual","12":"sold-individually","13":"purchasable","14":"product-type-simple"},"_links":{"self":[{"href":"https:\/\/shop.angela-mair.at\/de\/wp-json\/wp\/v2\/product\/178","targetHints":{"allow":["GET"]}}],"collection":[{"href":"https:\/\/shop.angela-mair.at\/de\/wp-json\/wp\/v2\/product"}],"about":[{"href":"https:\/\/shop.angela-mair.at\/de\/wp-json\/wp\/v2\/types\/product"}],"wp:featuredmedia":[{"embeddable":true,"href":"https:\/\/shop.angela-mair.at\/de\/wp-json\/wp\/v2\/media\/188"}],"wp:attachment":[{"href":"https:\/\/shop.angela-mair.at\/de\/wp-json\/wp\/v2\/media?parent=178"}],"wp:term":[{"taxonomy":"product_brand","embeddable":true,"href":"https:\/\/shop.angela-mair.at\/de\/wp-json\/wp\/v2\/product_brand?post=178"},{"taxonomy":"product_cat","embeddable":true,"href":"https:\/\/shop.angela-mair.at\/de\/wp-json\/wp\/v2\/product_cat?post=178"},{"taxonomy":"product_tag","embeddable":true,"href":"https:\/\/shop.angela-mair.at\/de\/wp-json\/wp\/v2\/product_tag?post=178"}],"curies":[{"name":"wp","href":"https:\/\/api.w.org\/{rel}","templated":true}]}}