
{"id":20,"date":"2019-06-08T21:10:37","date_gmt":"2019-06-08T19:10:37","guid":{"rendered":"http:\/\/vm49576.cs.easyname.systems\/?post_type=product&#038;p=20"},"modified":"2024-01-15T17:38:16","modified_gmt":"2024-01-15T16:38:16","slug":"cd-licht-und-schatten","status":"publish","type":"product","link":"https:\/\/shop.angela-mair.at\/de\/product\/cd-licht-und-schatten\/","title":{"rendered":"CD &#8220;Licht und Schatten&#8221; (2019)"},"content":{"rendered":"<p>Meine Lieder und Kompositionen f\u00fcr Gitarre<br \/>\n13 Tracks &#8211; 8 Lieder mit Text, 5 St\u00fccke instrumental<br \/>\nBooklet mit Texten<\/p>\n<ol>\n<li>Im Schattenlicht (Kein Schatten ohne Licht)<\/li>\n<li>Pl\u00f6tzlich<\/li>\n<li>Kind sein<\/li>\n<li>Im tiefsten Dunkel der Nacht<\/li>\n<li>Ich wollte weg<\/li>\n<li>Rojopo<\/li>\n<li>Tag f\u00fcr Tag<\/li>\n<li>Freiheit<\/li>\n<li>Leanders Tanz<\/li>\n<li>Ich lass mich treiben<\/li>\n<li>Das Geschenk<\/li>\n<li>Stille Weite<\/li>\n<li>Was w\u00e4re wenn<\/li>\n<\/ol>","protected":false},"excerpt":{"rendered":"<p>Meine Lieder und Kompositionen f\u00fcr Gitarre 13 Tracks &#8211; 8 Lieder mit Text, 5 St\u00fccke instrumental Booklet mit Texten Im Schattenlicht (Kein Schatten ohne Licht) Pl\u00f6tzlich Kind sein Im tiefsten Dunkel der Nacht Ich wollte weg Rojopo Tag f\u00fcr Tag Freiheit Leanders Tanz Ich lass mich treiben Das Geschenk Stille Weite Was w\u00e4re wenn<\/p>","protected":false},"featured_media":21,"template":"","meta":[],"product_brand":[],"product_cat":[17],"product_tag":[],"class_list":{"0":"post-20","1":"product","2":"type-product","3":"status-publish","4":"has-post-thumbnail","6":"product_cat-cd","8":"first","9":"instock","10":"shipping-taxable","11":"purchasable","12":"product-type-simple"},"_links":{"self":[{"href":"https:\/\/shop.angela-mair.at\/de\/wp-json\/wp\/v2\/product\/20","targetHints":{"allow":["GET"]}}],"collection":[{"href":"https:\/\/shop.angela-mair.at\/de\/wp-json\/wp\/v2\/product"}],"about":[{"href":"https:\/\/shop.angela-mair.at\/de\/wp-json\/wp\/v2\/types\/product"}],"wp:featuredmedia":[{"embeddable":true,"href":"https:\/\/shop.angela-mair.at\/de\/wp-json\/wp\/v2\/media\/21"}],"wp:attachment":[{"href":"https:\/\/shop.angela-mair.at\/de\/wp-json\/wp\/v2\/media?parent=20"}],"wp:term":[{"taxonomy":"product_brand","embeddable":true,"href":"https:\/\/shop.angela-mair.at\/de\/wp-json\/wp\/v2\/product_brand?post=20"},{"taxonomy":"product_cat","embeddable":true,"href":"https:\/\/shop.angela-mair.at\/de\/wp-json\/wp\/v2\/product_cat?post=20"},{"taxonomy":"product_tag","embeddable":true,"href":"https:\/\/shop.angela-mair.at\/de\/wp-json\/wp\/v2\/product_tag?post=20"}],"curies":[{"name":"wp","href":"https:\/\/api.w.org\/{rel}","templated":true}]}}