
{"id":268,"date":"2023-11-11T12:54:59","date_gmt":"2023-11-11T11:54:59","guid":{"rendered":"https:\/\/shop.angela-mair.at\/?post_type=product&#038;p=268"},"modified":"2025-01-20T18:44:13","modified_gmt":"2025-01-20T17:44:13","slug":"gitarrenklange-fur-den-anfang-winter-weihnacht-neujahrpdf","status":"publish","type":"product","link":"https:\/\/shop.angela-mair.at\/de\/product\/gitarrenklange-fur-den-anfang-winter-weihnacht-neujahrpdf\/","title":{"rendered":"Gitarrenkl\u00e4nge f\u00fcr den Anfang: Winter, Weihnacht &#038; Neujahr (PDF)"},"content":{"rendered":"<p>32 neue Lieder und \u00dcbungsst\u00fccke f\u00fcr den Anfang von Angela Mair.<\/p>\n<p>Ein- und zweistimmig, Rhythmus\u00fcbungen. Solo- und Duost\u00fccke. Mit Texten und Akkordsymbolen zum Begleiten.<\/p>\n<p>Die Texte sind lustig, spannend, fr\u00f6hlich und winterlich &#8211; passend zur Gedankenwelt von Kindern.<\/p>\n<p><iframe loading=\"lazy\" title=\"Winter, Weihnacht und Neujahr - Gitarrenkl\u00e4nge f\u00fcr den Anfang von Angela Mair\" width=\"980\" height=\"551\" src=\"https:\/\/www.youtube.com\/embed\/xokGGkhvjBE?start=1&#038;feature=oembed\" frameborder=\"0\" allow=\"accelerometer; autoplay; clipboard-write; encrypted-media; gyroscope; picture-in-picture; web-share\" allowfullscreen><\/iframe><\/p>","protected":false},"excerpt":{"rendered":"<p>32 neue Lieder und \u00dcbungsst\u00fccke f\u00fcr den Anfang von Angela Mair. Ein- und zweistimmig, Rhythmus\u00fcbungen. Solo- und Duost\u00fccke. Mit Texten und Akkordsymbolen zum Begleiten. Die Texte sind lustig, spannend, fr\u00f6hlich und winterlich &#8211; passend zur Gedankenwelt von Kindern.<\/p>","protected":false},"featured_media":270,"template":"","meta":[],"product_brand":[],"product_cat":[71,69],"product_tag":[],"class_list":{"0":"post-268","1":"product","2":"type-product","3":"status-publish","4":"has-post-thumbnail","6":"product_cat-digital-sheet-music-pdf","7":"product_cat-pedagogic-learning","9":"first","10":"instock","11":"downloadable","12":"virtual","13":"sold-individually","14":"purchasable","15":"product-type-simple"},"_links":{"self":[{"href":"https:\/\/shop.angela-mair.at\/de\/wp-json\/wp\/v2\/product\/268","targetHints":{"allow":["GET"]}}],"collection":[{"href":"https:\/\/shop.angela-mair.at\/de\/wp-json\/wp\/v2\/product"}],"about":[{"href":"https:\/\/shop.angela-mair.at\/de\/wp-json\/wp\/v2\/types\/product"}],"wp:featuredmedia":[{"embeddable":true,"href":"https:\/\/shop.angela-mair.at\/de\/wp-json\/wp\/v2\/media\/270"}],"wp:attachment":[{"href":"https:\/\/shop.angela-mair.at\/de\/wp-json\/wp\/v2\/media?parent=268"}],"wp:term":[{"taxonomy":"product_brand","embeddable":true,"href":"https:\/\/shop.angela-mair.at\/de\/wp-json\/wp\/v2\/product_brand?post=268"},{"taxonomy":"product_cat","embeddable":true,"href":"https:\/\/shop.angela-mair.at\/de\/wp-json\/wp\/v2\/product_cat?post=268"},{"taxonomy":"product_tag","embeddable":true,"href":"https:\/\/shop.angela-mair.at\/de\/wp-json\/wp\/v2\/product_tag?post=268"}],"curies":[{"name":"wp","href":"https:\/\/api.w.org\/{rel}","templated":true}]}}