
{"id":29,"date":"2023-08-08T21:15:48","date_gmt":"2023-08-08T19:15:48","guid":{"rendered":"http:\/\/vm49576.cs.easyname.systems\/?post_type=product&#038;p=29"},"modified":"2025-11-02T13:06:25","modified_gmt":"2025-11-02T12:06:25","slug":"one-by-one-vol-2","status":"publish","type":"product","link":"https:\/\/shop.angela-mair.at\/de\/product\/one-by-one-vol-2\/","title":{"rendered":"One by One, Vol. 2"},"content":{"rendered":"<p>&#8220;One by One, Volume 2&#8221; ist Band 2 der Hefte f\u00fcr leicht fortgeschrittene SpielerInnen (Oktober 2020) und beinhaltet 11 St\u00fccke f\u00fcr Sologitarre:<\/p>\n<ul>\n<li>Your Beautiful Garden<\/li>\n<li>Watering Flowers<\/li>\n<li>Taking a Nap in the Sun<\/li>\n<li>Cat Straying Through the Garden<\/li>\n<li>Buzzing Bees<\/li>\n<li>Little Green Grasshopper<\/li>\n<li>Piercing Thorns<\/li>\n<li>From Caterpillar to Butterfly<\/li>\n<li>After the Rain<\/li>\n<li>Waiting for the Sun<\/li>\n<li>Late Sunset<\/li>\n<\/ul>","protected":false},"excerpt":{"rendered":"<p>&#8220;One by One, Volume 2&#8221; ist Band 2 der Hefte f\u00fcr leicht fortgeschrittene SpielerInnen (Oktober 2020) und beinhaltet 11 St\u00fccke f\u00fcr Sologitarre: Your Beautiful Garden Watering Flowers Taking a Nap in the Sun Cat Straying Through the Garden Buzzing Bees Little Green Grasshopper Piercing Thorns From Caterpillar to Butterfly After the Rain Waiting for the [&hellip;]<\/p>\n","protected":false},"featured_media":30,"template":"","meta":[],"product_brand":[],"product_cat":[18],"product_tag":[],"class_list":{"0":"post-29","1":"product","2":"type-product","3":"status-publish","4":"has-post-thumbnail","6":"product_cat-notenheft","8":"first","9":"instock","10":"shipping-taxable","11":"purchasable","12":"product-type-simple"},"_links":{"self":[{"href":"https:\/\/shop.angela-mair.at\/de\/wp-json\/wp\/v2\/product\/29","targetHints":{"allow":["GET"]}}],"collection":[{"href":"https:\/\/shop.angela-mair.at\/de\/wp-json\/wp\/v2\/product"}],"about":[{"href":"https:\/\/shop.angela-mair.at\/de\/wp-json\/wp\/v2\/types\/product"}],"wp:featuredmedia":[{"embeddable":true,"href":"https:\/\/shop.angela-mair.at\/de\/wp-json\/wp\/v2\/media\/30"}],"wp:attachment":[{"href":"https:\/\/shop.angela-mair.at\/de\/wp-json\/wp\/v2\/media?parent=29"}],"wp:term":[{"taxonomy":"product_brand","embeddable":true,"href":"https:\/\/shop.angela-mair.at\/de\/wp-json\/wp\/v2\/product_brand?post=29"},{"taxonomy":"product_cat","embeddable":true,"href":"https:\/\/shop.angela-mair.at\/de\/wp-json\/wp\/v2\/product_cat?post=29"},{"taxonomy":"product_tag","embeddable":true,"href":"https:\/\/shop.angela-mair.at\/de\/wp-json\/wp\/v2\/product_tag?post=29"}],"curies":[{"name":"wp","href":"https:\/\/api.w.org\/{rel}","templated":true}]}}