
{"id":31,"date":"2023-08-08T21:17:00","date_gmt":"2023-08-08T19:17:00","guid":{"rendered":"http:\/\/vm49576.cs.easyname.systems\/?post_type=product&#038;p=31"},"modified":"2025-02-03T22:19:37","modified_gmt":"2025-02-03T21:19:37","slug":"one-by-one-vol-3","status":"publish","type":"product","link":"https:\/\/shop.angela-mair.at\/de\/product\/one-by-one-vol-3\/","title":{"rendered":"One by One, Vol. 3"},"content":{"rendered":"<p>&#8220;One by One, Vol. 3&#8221; ist Band 3 der Hefte f\u00fcr leicht fortgeschrittene SpielerInnen (Juni 2021) und beinhaltet 11 St\u00fccke f\u00fcr Sologitarre:<\/p>\n<ul>\n<li>Enjoying Life<\/li>\n<li>Dancing Alone<\/li>\n<li>In My Dreams<\/li>\n<li>Wondering Why<\/li>\n<li>Grey Day<\/li>\n<li>Southern Trip<\/li>\n<li>Sunny Soul<\/li>\n<li>Warm Skin<\/li>\n<li>Feeling Sad<\/li>\n<li>Follow My Lead!<\/li>\n<li>Walking on the Moon<\/li>\n<\/ul>","protected":false},"excerpt":{"rendered":"<p>&#8220;One by One, Vol. 3&#8221; ist Band 3 der Hefte f\u00fcr leicht fortgeschrittene SpielerInnen (Juni 2021) und beinhaltet 11 St\u00fccke f\u00fcr Sologitarre: Enjoying Life Dancing Alone In My Dreams Wondering Why Grey Day Southern Trip Sunny Soul Warm Skin Feeling Sad Follow My Lead! Walking on the Moon<\/p>","protected":false},"featured_media":32,"template":"","meta":[],"product_brand":[],"product_cat":[18],"product_tag":[],"class_list":{"0":"post-31","1":"product","2":"type-product","3":"status-publish","4":"has-post-thumbnail","6":"product_cat-notenheft","8":"first","9":"instock","10":"shipping-taxable","11":"purchasable","12":"product-type-simple"},"_links":{"self":[{"href":"https:\/\/shop.angela-mair.at\/de\/wp-json\/wp\/v2\/product\/31","targetHints":{"allow":["GET"]}}],"collection":[{"href":"https:\/\/shop.angela-mair.at\/de\/wp-json\/wp\/v2\/product"}],"about":[{"href":"https:\/\/shop.angela-mair.at\/de\/wp-json\/wp\/v2\/types\/product"}],"wp:featuredmedia":[{"embeddable":true,"href":"https:\/\/shop.angela-mair.at\/de\/wp-json\/wp\/v2\/media\/32"}],"wp:attachment":[{"href":"https:\/\/shop.angela-mair.at\/de\/wp-json\/wp\/v2\/media?parent=31"}],"wp:term":[{"taxonomy":"product_brand","embeddable":true,"href":"https:\/\/shop.angela-mair.at\/de\/wp-json\/wp\/v2\/product_brand?post=31"},{"taxonomy":"product_cat","embeddable":true,"href":"https:\/\/shop.angela-mair.at\/de\/wp-json\/wp\/v2\/product_cat?post=31"},{"taxonomy":"product_tag","embeddable":true,"href":"https:\/\/shop.angela-mair.at\/de\/wp-json\/wp\/v2\/product_tag?post=31"}],"curies":[{"name":"wp","href":"https:\/\/api.w.org\/{rel}","templated":true}]}}