
{"id":37,"date":"2022-01-03T21:19:06","date_gmt":"2022-01-03T20:19:06","guid":{"rendered":"http:\/\/vm49576.cs.easyname.systems\/?post_type=product&#038;p=37"},"modified":"2025-10-08T22:29:26","modified_gmt":"2025-10-08T20:29:26","slug":"gitarrenklange-fur-den-anfang-solo-und-duostucke","status":"publish","type":"product","link":"https:\/\/shop.angela-mair.at\/de\/product\/gitarrenklange-fur-den-anfang-solo-und-duostucke\/","title":{"rendered":"Gitarrenkl\u00e4nge f\u00fcr den Anfang &#8211; Solo-und Duost\u00fccke"},"content":{"rendered":"<p>36 neue Lieder und \u00dcbungsst\u00fccke f\u00fcr den Anfang. Ein- und zweistimmig. Solo- und Duost\u00fccke. Mit Text und Akkordsymbolen zum Begleiten. Rhythmus\u00fcbungen.<\/p>","protected":false},"excerpt":{"rendered":"<p>36 neue Lieder und \u00dcbungsst\u00fccke f\u00fcr den Anfang. Ein- und zweistimmig. Solo- und Duost\u00fccke. Mit Text und Akkordsymbolen zum Begleiten. Rhythmus\u00fcbungen.<\/p>","protected":false},"featured_media":38,"template":"","meta":[],"product_brand":[],"product_cat":[18],"product_tag":[],"class_list":{"0":"post-37","1":"product","2":"type-product","3":"status-publish","4":"has-post-thumbnail","6":"product_cat-notenheft","8":"first","9":"instock","10":"shipping-taxable","11":"purchasable","12":"product-type-simple"},"_links":{"self":[{"href":"https:\/\/shop.angela-mair.at\/de\/wp-json\/wp\/v2\/product\/37","targetHints":{"allow":["GET"]}}],"collection":[{"href":"https:\/\/shop.angela-mair.at\/de\/wp-json\/wp\/v2\/product"}],"about":[{"href":"https:\/\/shop.angela-mair.at\/de\/wp-json\/wp\/v2\/types\/product"}],"wp:featuredmedia":[{"embeddable":true,"href":"https:\/\/shop.angela-mair.at\/de\/wp-json\/wp\/v2\/media\/38"}],"wp:attachment":[{"href":"https:\/\/shop.angela-mair.at\/de\/wp-json\/wp\/v2\/media?parent=37"}],"wp:term":[{"taxonomy":"product_brand","embeddable":true,"href":"https:\/\/shop.angela-mair.at\/de\/wp-json\/wp\/v2\/product_brand?post=37"},{"taxonomy":"product_cat","embeddable":true,"href":"https:\/\/shop.angela-mair.at\/de\/wp-json\/wp\/v2\/product_cat?post=37"},{"taxonomy":"product_tag","embeddable":true,"href":"https:\/\/shop.angela-mair.at\/de\/wp-json\/wp\/v2\/product_tag?post=37"}],"curies":[{"name":"wp","href":"https:\/\/api.w.org\/{rel}","templated":true}]}}