
{"id":39,"date":"2022-01-02T21:19:41","date_gmt":"2022-01-02T20:19:41","guid":{"rendered":"http:\/\/vm49576.cs.easyname.systems\/?post_type=product&#038;p=39"},"modified":"2024-01-15T17:38:37","modified_gmt":"2024-01-15T16:38:37","slug":"gitarrenklange-fur-den-anfang-winter-weihnacht-und-neujahr","status":"publish","type":"product","link":"https:\/\/shop.angela-mair.at\/de\/product\/gitarrenklange-fur-den-anfang-winter-weihnacht-und-neujahr\/","title":{"rendered":"Gitarrenkl\u00e4nge f\u00fcr den Anfang &#8211; Winter, Weihnacht und Neujahr"},"content":{"rendered":"<p>32 neue Lieder und \u00dcbungsst\u00fccke f\u00fcr den Anfang. Ein- und zweistimmig, Rhythmus\u00fcbungen. Solo- und Duost\u00fccke. Mit Text und Akkordsymbolen zum Begleiten. Geheftet.<\/p>","protected":false},"excerpt":{"rendered":"<p>32 neue Lieder und \u00dcbungsst\u00fccke f\u00fcr den Anfang. Ein- und zweistimmig, Rhythmus\u00fcbungen. Solo- und Duost\u00fccke. Mit Text und Akkordsymbolen zum Begleiten. Geheftet.<\/p>","protected":false},"featured_media":40,"template":"","meta":[],"product_brand":[],"product_cat":[18],"product_tag":[],"class_list":{"0":"post-39","1":"product","2":"type-product","3":"status-publish","4":"has-post-thumbnail","6":"product_cat-notenheft","8":"first","9":"instock","10":"shipping-taxable","11":"purchasable","12":"product-type-simple"},"_links":{"self":[{"href":"https:\/\/shop.angela-mair.at\/de\/wp-json\/wp\/v2\/product\/39","targetHints":{"allow":["GET"]}}],"collection":[{"href":"https:\/\/shop.angela-mair.at\/de\/wp-json\/wp\/v2\/product"}],"about":[{"href":"https:\/\/shop.angela-mair.at\/de\/wp-json\/wp\/v2\/types\/product"}],"wp:featuredmedia":[{"embeddable":true,"href":"https:\/\/shop.angela-mair.at\/de\/wp-json\/wp\/v2\/media\/40"}],"wp:attachment":[{"href":"https:\/\/shop.angela-mair.at\/de\/wp-json\/wp\/v2\/media?parent=39"}],"wp:term":[{"taxonomy":"product_brand","embeddable":true,"href":"https:\/\/shop.angela-mair.at\/de\/wp-json\/wp\/v2\/product_brand?post=39"},{"taxonomy":"product_cat","embeddable":true,"href":"https:\/\/shop.angela-mair.at\/de\/wp-json\/wp\/v2\/product_cat?post=39"},{"taxonomy":"product_tag","embeddable":true,"href":"https:\/\/shop.angela-mair.at\/de\/wp-json\/wp\/v2\/product_tag?post=39"}],"curies":[{"name":"wp","href":"https:\/\/api.w.org\/{rel}","templated":true}]}}