
{"id":592,"date":"2024-11-18T16:31:44","date_gmt":"2024-11-18T15:31:44","guid":{"rendered":"https:\/\/shop.angela-mair.at\/?post_type=product&#038;p=592"},"modified":"2026-01-18T14:02:52","modified_gmt":"2026-01-18T13:02:52","slug":"ausflug-in-die-stadt-5-stucke-fur-sopranblockflote-gitarre-pdf","status":"publish","type":"product","link":"https:\/\/shop.angela-mair.at\/de\/product\/ausflug-in-die-stadt-5-stucke-fur-sopranblockflote-gitarre-pdf\/","title":{"rendered":"Ausflug in die Stadt -5 St\u00fccke f\u00fcr Sopranblockfl\u00f6te &#038; Gitarre"},"content":{"rendered":"<p>&#8220;Ausflug in die Stadt&#8221; ist eine Suite f\u00fcr Sopranblockfl\u00f6te und Gitarre. Die 5 St\u00fccke sind:<\/p>\n<ul>\n<li>Fahrt mit dem Zug<\/li>\n<li>Ausflug in die Stadt<\/li>\n<li>Das einsame Krokodil<\/li>\n<li>Der Stra\u00dfenclown<\/li>\n<li>Neue Freunde<\/li>\n<\/ul>\n<p>&#8220;Ausflug in die Stadt&#8221; (&#8220;Trip into Town&#8221;) is a Suite for recorder and classical guitar.<\/p>","protected":false},"excerpt":{"rendered":"[playlist images=\"false\" artists=\"false\" ids=\"599,600,601\"]\n","protected":false},"featured_media":1587,"template":"","meta":[],"product_brand":[],"product_cat":[71,69],"product_tag":[],"class_list":{"0":"post-592","1":"product","2":"type-product","3":"status-publish","4":"has-post-thumbnail","6":"product_cat-digital-sheet-music-pdf","7":"product_cat-pedagogic-learning","9":"first","10":"instock","11":"shipping-taxable","12":"purchasable","13":"product-type-variable"},"_links":{"self":[{"href":"https:\/\/shop.angela-mair.at\/de\/wp-json\/wp\/v2\/product\/592","targetHints":{"allow":["GET"]}}],"collection":[{"href":"https:\/\/shop.angela-mair.at\/de\/wp-json\/wp\/v2\/product"}],"about":[{"href":"https:\/\/shop.angela-mair.at\/de\/wp-json\/wp\/v2\/types\/product"}],"wp:featuredmedia":[{"embeddable":true,"href":"https:\/\/shop.angela-mair.at\/de\/wp-json\/wp\/v2\/media\/1587"}],"wp:attachment":[{"href":"https:\/\/shop.angela-mair.at\/de\/wp-json\/wp\/v2\/media?parent=592"}],"wp:term":[{"taxonomy":"product_brand","embeddable":true,"href":"https:\/\/shop.angela-mair.at\/de\/wp-json\/wp\/v2\/product_brand?post=592"},{"taxonomy":"product_cat","embeddable":true,"href":"https:\/\/shop.angela-mair.at\/de\/wp-json\/wp\/v2\/product_cat?post=592"},{"taxonomy":"product_tag","embeddable":true,"href":"https:\/\/shop.angela-mair.at\/de\/wp-json\/wp\/v2\/product_tag?post=592"}],"curies":[{"name":"wp","href":"https:\/\/api.w.org\/{rel}","templated":true}]}}